{"id":9993,"date":"2024-04-29T14:41:52","date_gmt":"2024-04-29T13:41:52","guid":{"rendered":"https:\/\/dreampixel.fr\/?page_id=9993"},"modified":"2024-05-15T14:46:24","modified_gmt":"2024-05-15T13:46:24","slug":"devis","status":"publish","type":"page","link":"https:\/\/dreampixel.fr\/en\/devis\/","title":{"rendered":"Quote"},"content":{"rendered":"<p>[et_pb_section fb_built=\u00a0\u00bb1&Prime; make_equal=\u00a0\u00bbon\u00a0\u00bb use_custom_gutter=\u00a0\u00bbon\u00a0\u00bb specialty=\u00a0\u00bbon\u00a0\u00bb custom_padding_last_edited=\u00a0\u00bbon|phone\u00a0\u00bb _builder_version=\u00a0\u00bb4.25.0&Prime; _module_preset=\u00a0\u00bbdefault\u00a0\u00bb background_color=\u00a0\u00bb#FFFFFF\u00a0\u00bb use_background_color_gradient=\u00a0\u00bbon\u00a0\u00bb background_color_gradient_stops=\u00a0\u00bb#ffffff 0%|#d7ebe4 100%\u00a0\u00bb width=\u00a0\u00bb100%\u00a0\u00bb module_alignment=\u00a0\u00bbcenter\u00a0\u00bb inner_width=\u00a0\u00bb65%\u00a0\u00bb inner_width_tablet=\u00a0\u00bb65%\u00a0\u00bb inner_width_phone=\u00a0\u00bb75%\u00a0\u00bb inner_width_last_edited=\u00a0\u00bbon|phone\u00a0\u00bb inner_max_width=\u00a0\u00bb1920px\u00a0\u00bb inner_module_alignment=\u00a0\u00bbcenter\u00a0\u00bb custom_margin=\u00a0\u00bb|0px||0px|false|false\u00a0\u00bb custom_margin_tablet=\u00a0\u00bb|0px||0px|false|false\u00a0\u00bb custom_margin_phone=\u00a0\u00bb0px|0px||0px|false|false\u00a0\u00bb custom_margin_last_edited=\u00a0\u00bbon|phone\u00a0\u00bb custom_padding=\u00a0\u00bb100px|0px|20px|0px|false|false\u00a0\u00bb custom_padding_tablet=\u00a0\u00bb10px|0px|20px|0px|false|false\u00a0\u00bb custom_padding_phone=\u00a0\u00bb170px|0px|20px|0px|false|false\u00a0\u00bb top_divider_color=\u00a0\u00bbRGBA(255,255,255,0)\u00a0\u00bb hover_enabled=\u00a0\u00bb0&Prime; background_last_edited=\u00a0\u00bboff|desktop\u00a0\u00bb use_background_color_gradient_tablet=\u00a0\u00bboff\u00a0\u00bb use_background_color_gradient_phone=\u00a0\u00bbon\u00a0\u00bb background_color_gradient_direction_radial_phone=\u00a0\u00bbcenter\u00a0\u00bb background_color_gradient_stops_phone=\u00a0\u00bb#112879 0%|#000000 53%\u00a0\u00bb locked=\u00a0\u00bboff\u00a0\u00bb global_colors_info=\u00a0\u00bb{}\u00a0\u00bb max_height__hover_enabled=\u00a0\u00bbon|desktop\u00a0\u00bb sticky_enabled=\u00a0\u00bb0&Prime;][et_pb_column type=\u00a0\u00bb1_2&Prime; specialty_columns=\u00a0\u00bb2&Prime; _builder_version=\u00a0\u00bb4.16&Prime; custom_padding=\u00a0\u00bb|||\u00a0\u00bb global_colors_info=\u00a0\u00bb{}\u00a0\u00bb custom_padding__hover=\u00a0\u00bb|||\u00a0\u00bb][et_pb_row_inner custom_padding_last_edited=\u00a0\u00bbon|phone\u00a0\u00bb _builder_version=\u00a0\u00bb4.25.0&Prime; _module_preset=\u00a0\u00bbdefault\u00a0\u00bb width_tablet=\u00a0\u00bb\u00a0\u00bb width_phone=\u00a0\u00bb100%\u00a0\u00bb width_last_edited=\u00a0\u00bbon|phone\u00a0\u00bb max_width_tablet=\u00a0\u00bb\u00a0\u00bb max_width_phone=\u00a0\u00bb100%\u00a0\u00bb max_width_last_edited=\u00a0\u00bbon|phone\u00a0\u00bb custom_margin=\u00a0\u00bb40px||0px||false|false\u00a0\u00bb custom_margin_tablet=\u00a0\u00bb0px||0px||false|false\u00a0\u00bb custom_margin_phone=\u00a0\u00bb0px||0px||false|true\u00a0\u00bb custom_margin_last_edited=\u00a0\u00bbon|phone\u00a0\u00bb custom_padding=\u00a0\u00bb0px||0px||false|false\u00a0\u00bb custom_padding_tablet=\u00a0\u00bb0px||0px||false|false\u00a0\u00bb custom_padding_phone=\u00a0\u00bb20px||0px||false|true\u00a0\u00bb module_alignment_tablet=\u00a0\u00bb\u00a0\u00bb module_alignment_phone=\u00a0\u00bbcenter\u00a0\u00bb module_alignment_last_edited=\u00a0\u00bbon|phone\u00a0\u00bb global_colors_info=\u00a0\u00bb{}\u00a0\u00bb][et_pb_column_inner saved_specialty_column_type=\u00a0\u00bb1_2&Prime; _builder_version=\u00a0\u00bb4.25.0&Prime; _module_preset=\u00a0\u00bbdefault\u00a0\u00bb global_colors_info=\u00a0\u00bb{}\u00a0\u00bb][et_pb_text _builder_version=\u00a0\u00bb4.25.0&Prime; _module_preset=\u00a0\u00bbdefault\u00a0\u00bb text_font=\u00a0\u00bb&#8211;et_global_body_font|600|||||||\u00a0\u00bb header_font=\u00a0\u00bb&#8211;et_global_body_font|900|||||||\u00a0\u00bb header_text_color=\u00a0\u00bb#060D29&Prime; header_font_size=\u00a0\u00bb49px\u00a0\u00bb header_2_font=\u00a0\u00bb&#8211;et_global_body_font|900|||||||\u00a0\u00bb header_2_text_align=\u00a0\u00bbleft\u00a0\u00bb header_2_text_color=\u00a0\u00bb#060D29&Prime; header_2_font_size=\u00a0\u00bb54px\u00a0\u00bb header_2_line_height=\u00a0\u00bb1.1em\u00a0\u00bb text_orientation=\u00a0\u00bbleft\u00a0\u00bb background_layout=\u00a0\u00bbdark\u00a0\u00bb custom_padding=\u00a0\u00bb10px||7px||false|false\u00a0\u00bb custom_padding_tablet=\u00a0\u00bb20px||||false|false\u00a0\u00bb custom_padding_phone=\u00a0\u00bb20px||20px||false|false\u00a0\u00bb hover_enabled=\u00a0\u00bb0&Prime; header_font_size_tablet=\u00a0\u00bb49px\u00a0\u00bb header_font_size_phone=\u00a0\u00bb36px\u00a0\u00bb header_font_size_last_edited=\u00a0\u00bbon|phone\u00a0\u00bb header_2_text_align_tablet=\u00a0\u00bbleft\u00a0\u00bb header_2_text_align_phone=\u00a0\u00bbcenter\u00a0\u00bb header_2_text_align_last_edited=\u00a0\u00bbon|phone\u00a0\u00bb header_2_font_size_tablet=\u00a0\u00bb54px\u00a0\u00bb header_2_font_size_phone=\u00a0\u00bb47px\u00a0\u00bb header_2_font_size_last_edited=\u00a0\u00bbon|phone\u00a0\u00bb global_colors_info=\u00a0\u00bb{}\u00a0\u00bb sticky_enabled=\u00a0\u00bb0&Prime; inline_fonts=\u00a0\u00bbNunito Sans\u00a0\u00bb text_line_height=\u00a0\u00bb1.7em\u00a0\u00bb header_line_height=\u00a0\u00bb0.8em\u00a0\u00bb]<\/p>\n<h1><span style=\"font-family: Nunito Sans; font-weight: normal; font-size: xx-large;\">Soumettez votre projet &amp;<\/span><\/h1>\n<h1>Obtenez un <span class=\"highlight-green\">devis pr\u00e9cis<\/span><\/h1>\n<p>[\/et_pb_text][et_pb_text _builder_version=\u00a0\u00bb4.25.0&Prime; _module_preset=\u00a0\u00bbdefault\u00a0\u00bb text_font=\u00a0\u00bb&#8211;et_global_body_font|500|||||||\u00a0\u00bb text_text_color=\u00a0\u00bb#072828&Prime; text_font_size=\u00a0\u00bb20px\u00a0\u00bb text_orientation=\u00a0\u00bbleft\u00a0\u00bb background_layout=\u00a0\u00bbdark\u00a0\u00bb custom_padding_tablet=\u00a0\u00bb20px||||false|false\u00a0\u00bb custom_padding_phone=\u00a0\u00bb0px||20px||false|false\u00a0\u00bb text_orientation_tablet=\u00a0\u00bbleft\u00a0\u00bb global_colors_info=\u00a0\u00bb{}\u00a0\u00bb]Envoyez-nous un bref d\u00e9crivant toutes les exigences de votre projet. Ensuite, nous pr\u00e9parerons un devis d\u00e9taill\u00e9 fournissant des informations sur les prix, les conditions et le calendrier du projet, et l&rsquo;enverrons pour votre approbation.[\/et_pb_text][et_pb_text _builder_version=\u00a0\u00bb4.25.0&Prime; _module_preset=\u00a0\u00bbdefault\u00a0\u00bb text_font=\u00a0\u00bb&#8211;et_global_body_font|800|||||||\u00a0\u00bb text_text_color=\u00a0\u00bb#060D29&Prime; text_orientation=\u00a0\u00bbleft\u00a0\u00bb background_layout=\u00a0\u00bbdark\u00a0\u00bb custom_margin=\u00a0\u00bb20px||20px||false|false\u00a0\u00bb custom_margin_tablet=\u00a0\u00bb0px||0px||false|false\u00a0\u00bb text_orientation_tablet=\u00a0\u00bbleft\u00a0\u00bb global_colors_info=\u00a0\u00bb{}\u00a0\u00bb]<\/p>\n<p><i class=\"fa-regular fa-circle-check\"><\/i> S\u00e9curit\u00e9\u00a0 <i class=\"fa-regular fa-circle-check\"><\/i> Efficacit\u00e9 <i class=\"fa-regular fa-circle-check\"><\/i> Innovation<\/p>\n<p>[\/et_pb_text][\/et_pb_column_inner][\/et_pb_row_inner][et_pb_row_inner _builder_version=\u00a0\u00bb4.25.0&Prime; _module_preset=\u00a0\u00bbdefault\u00a0\u00bb column_structure=\u00a0\u00bb1_2,1_2&Prime; hover_enabled=\u00a0\u00bb0&Prime; sticky_enabled=\u00a0\u00bb0&Prime; use_custom_gutter=\u00a0\u00bbon\u00a0\u00bb gutter_width=\u00a0\u00bb1&Prime; custom_css_free_form=\u00a0\u00bbmodule-columns-A {||  width: 10%!important;||}||||module-columns-B {||  width: 90%!important;||}\u00a0\u00bb custom_css_main_element=\u00a0\u00bb||\u00a0\u00bb custom_padding=\u00a0\u00bb||0px|||\u00a0\u00bb disabled_on=\u00a0\u00bbon|on|off\u00a0\u00bb][et_pb_column_inner saved_specialty_column_type=\u00a0\u00bb1_2&Prime; _builder_version=\u00a0\u00bb4.25.0&Prime; _module_preset=\u00a0\u00bbdefault\u00a0\u00bb type=\u00a0\u00bb1_2&Prime; background_color=\u00a0\u00bb#FFFFFF\u00a0\u00bb custom_padding=\u00a0\u00bb30px|50px|30px|50px|false|false\u00a0\u00bb hover_enabled=\u00a0\u00bb0&Prime; sticky_enabled=\u00a0\u00bb0&Prime; module_class=\u00a0\u00bbmodule-columns-A\u00a0\u00bb custom_css_main_element=\u00a0\u00bbwidth: 70%!important;\u00a0\u00bb border_radii=\u00a0\u00bbon|12px|12px|12px|12px\u00a0\u00bb box_shadow_style=\u00a0\u00bbpreset2&Prime; box_shadow_horizontal=\u00a0\u00bb23px\u00a0\u00bb box_shadow_vertical=\u00a0\u00bb32px\u00a0\u00bb box_shadow_blur=\u00a0\u00bb64px\u00a0\u00bb box_shadow_spread=\u00a0\u00bb-16px\u00a0\u00bb box_shadow_color=\u00a0\u00bb#8ebbad\u00a0\u00bb][et_pb_text _builder_version=\u00a0\u00bb4.25.0&Prime; _module_preset=\u00a0\u00bbdefault\u00a0\u00bb text_orientation=\u00a0\u00bbleft\u00a0\u00bb hover_enabled=\u00a0\u00bb0&Prime; sticky_enabled=\u00a0\u00bb0&Prime; text_font=\u00a0\u00bb&#8211;et_global_body_font|600|||||||\u00a0\u00bb text_line_height=\u00a0\u00bb1.5em\u00a0\u00bb custom_margin_last_edited=\u00a0\u00bboff|desktop\u00a0\u00bb custom_padding_last_edited=\u00a0\u00bboff|desktop\u00a0\u00bb custom_margin=\u00a0\u00bb20px||20px||false|false\u00a0\u00bb]<\/p>\n<p>Travailler avec Dreampixel, c&rsquo;est comme avoir toute une \u00e9quipe de coll\u00e8gues hautement qualifi\u00e9s. Une \u00e9quipe gagnante, assur\u00e9ment.<\/p>\n<p>[\/et_pb_text][et_pb_blurb title=\u00a0\u00bbChantal TRAN D.C\u00a0\u00bb image=\u00a0\u00bbhttps:\/\/dreampixel.fr\/wp-content\/uploads\/2021\/12\/chantal-tran-chiropracteur-paris.jpg\u00a0\u00bb _builder_version=\u00a0\u00bb4.25.0&Prime; _module_preset=\u00a0\u00bbdefault\u00a0\u00bb alt=\u00a0\u00bbPhoto de profil du chiropracteur Tran chantal\u00a0\u00bb title_text=\u00a0\u00bbchantal-tran-chiropracteur-paris\u00a0\u00bb header_text_align=\u00a0\u00bbleft\u00a0\u00bb header_font=\u00a0\u00bb&#8211;et_global_body_font|600|||||||\u00a0\u00bb hover_enabled=\u00a0\u00bb0&Prime; sticky_enabled=\u00a0\u00bb0&Prime; body_text_color=\u00a0\u00bb#606060&Prime; body_font=\u00a0\u00bb&#8211;et_global_body_font|500|||||||\u00a0\u00bb body_font_size=\u00a0\u00bb13px\u00a0\u00bb header_font_size=\u00a0\u00bb15px\u00a0\u00bb image_icon_width_last_edited=\u00a0\u00bboff|desktop\u00a0\u00bb custom_margin_last_edited=\u00a0\u00bboff|desktop\u00a0\u00bb custom_padding_last_edited=\u00a0\u00bboff|desktop\u00a0\u00bb custom_margin=\u00a0\u00bb40px||40px||false|false\u00a0\u00bb custom_css_free_form=\u00a0\u00bb||.et_pb_main_blurb_image .et_pb_image_wrap {||    max-width: 1000px!important;||    width: 60px!important;||    border-radius: 5px;||}||.et_pb_blurb_position_left .et_pb_blurb_container {||  padding-left: 15px;||  padding-top: 5px;||}\u00a0\u00bb header_line_height=\u00a0\u00bb1.2em\u00a0\u00bb image_icon_width=\u00a0\u00bb102%\u00a0\u00bb body_line_height=\u00a0\u00bb1.2em\u00a0\u00bb]<\/p>\n<p>Chiropracteur @ CHIRO SANTE PARIS<\/p>\n<p>[\/et_pb_blurb][\/et_pb_column_inner][et_pb_column_inner saved_specialty_column_type=\u00a0\u00bb1_2&Prime; _builder_version=\u00a0\u00bb4.25.0&Prime; _module_preset=\u00a0\u00bbdefault\u00a0\u00bb type=\u00a0\u00bb1_2&Prime; hover_enabled=\u00a0\u00bb0&Prime; sticky_enabled=\u00a0\u00bb0&Prime;][\/et_pb_column_inner][\/et_pb_row_inner][\/et_pb_column][et_pb_column type=\u00a0\u00bb1_2&Prime; admin_label=\u00a0\u00bbColonne\u00a0\u00bb _builder_version=\u00a0\u00bb4.16&Prime; custom_padding=\u00a0\u00bb|||\u00a0\u00bb global_colors_info=\u00a0\u00bb{}\u00a0\u00bb custom_padding__hover=\u00a0\u00bb|||\u00a0\u00bb][et_pb_contact_form captcha=\u00a0\u00bboff\u00a0\u00bb email=\u00a0\u00bbtierno.beauregard@gmail.com\u00a0\u00bb custom_message=\u00a0\u00bbObjet : DEVIS pour : %%Prestation%%||et_pb_line_break_holder||||et_pb_line_break_holder||Nom : %%Name%%||et_pb_line_break_holder||Pr\u00e9nom : %%Prenom%%||et_pb_line_break_holder||Email : %%Email%%||et_pb_line_break_holder||T\u00e9l\u00e9phone : %%Tel%%||et_pb_line_break_holder||Site web : %%Siteweb%%||et_pb_line_break_holder||||et_pb_line_break_holder||Comment nous avez-vous connu : %%bouche-a-oreille%%||et_pb_line_break_holder||||et_pb_line_break_holder||D\u00e9lai de r\u00e9alisation souhait\u00e9 : %%Time%%||et_pb_line_break_holder||||et_pb_line_break_holder||Message :||et_pb_line_break_holder||%%Message%%||et_pb_line_break_holder||||et_pb_line_break_holder||Budget estim\u00e9 :||et_pb_line_break_holder||%%Budget%%\u00a0\u00bb success_message=\u00a0\u00bbNous vous remercions, un conseiller de Dreampixel vous rappellera d\u00e8s que possible.\u00a0\u00bb submit_button_text=\u00a0\u00bbEnvoyer\u00a0\u00bb _builder_version=\u00a0\u00bb4.25.0&Prime; _module_preset=\u00a0\u00bbdefault\u00a0\u00bb _unique_id=\u00a0\u00bb9e9a972e-b2da-40fa-80a7-ecd71a80059d\u00a0\u00bb form_field_background_color=\u00a0\u00bb#FFFFFF\u00a0\u00bb form_field_text_color=\u00a0\u00bb#152b2e\u00a0\u00bb form_field_focus_background_color=\u00a0\u00bb#edf6f3&Prime; form_field_focus_text_color=\u00a0\u00bb#152b2e\u00a0\u00bb title_text_align=\u00a0\u00bbleft\u00a0\u00bb title_text_color=\u00a0\u00bb#FFFFFF\u00a0\u00bb captcha_text_color=\u00a0\u00bb#FFFFFF\u00a0\u00bb form_field_text_align=\u00a0\u00bbleft\u00a0\u00bb custom_button=\u00a0\u00bbon\u00a0\u00bb button_text_color=\u00a0\u00bb#152b2e\u00a0\u00bb text_orientation=\u00a0\u00bbleft\u00a0\u00bb hover_enabled=\u00a0\u00bb0&Prime; global_colors_info=\u00a0\u00bb{}\u00a0\u00bb custom_margin=\u00a0\u00bb40px||20px||false|false\u00a0\u00bb sticky_enabled=\u00a0\u00bb0&Prime; custom_css_free_form=\u00a0\u00bb\/*style form module h2 heading in form focus state*\/||.divi-form-focus:focus-within h2 {||  font-size: 14px !important;||  color: #888888;||}\u00a0\u00bb module_class=\u00a0\u00bbdivi-form-focus\u00a0\u00bb][et_pb_contact_field field_id=\u00a0\u00bbPrenom\u00a0\u00bb field_title=\u00a0\u00bbVotre pr\u00e9nom*\u00a0\u00bb allowed_symbols=\u00a0\u00bbletters\u00a0\u00bb _builder_version=\u00a0\u00bb4.25.0&Prime; global_colors_info=\u00a0\u00bb{}\u00a0\u00bb button_text_size__hover_enabled=\u00a0\u00bboff\u00a0\u00bb button_one_text_size__hover_enabled=\u00a0\u00bboff\u00a0\u00bb button_two_text_size__hover_enabled=\u00a0\u00bboff\u00a0\u00bb button_text_color__hover_enabled=\u00a0\u00bboff\u00a0\u00bb button_one_text_color__hover_enabled=\u00a0\u00bboff\u00a0\u00bb button_two_text_color__hover_enabled=\u00a0\u00bboff\u00a0\u00bb button_border_width__hover_enabled=\u00a0\u00bboff\u00a0\u00bb button_one_border_width__hover_enabled=\u00a0\u00bboff\u00a0\u00bb button_two_border_width__hover_enabled=\u00a0\u00bboff\u00a0\u00bb button_border_color__hover_enabled=\u00a0\u00bboff\u00a0\u00bb button_one_border_color__hover_enabled=\u00a0\u00bboff\u00a0\u00bb button_two_border_color__hover_enabled=\u00a0\u00bboff\u00a0\u00bb button_border_radius__hover_enabled=\u00a0\u00bboff\u00a0\u00bb button_one_border_radius__hover_enabled=\u00a0\u00bboff\u00a0\u00bb button_two_border_radius__hover_enabled=\u00a0\u00bboff\u00a0\u00bb button_letter_spacing__hover_enabled=\u00a0\u00bboff\u00a0\u00bb button_one_letter_spacing__hover_enabled=\u00a0\u00bboff\u00a0\u00bb button_two_letter_spacing__hover_enabled=\u00a0\u00bboff\u00a0\u00bb button_bg_color__hover_enabled=\u00a0\u00bboff\u00a0\u00bb button_one_bg_color__hover_enabled=\u00a0\u00bboff\u00a0\u00bb button_two_bg_color__hover_enabled=\u00a0\u00bboff\u00a0\u00bb][\/et_pb_contact_field][et_pb_contact_field field_id=\u00a0\u00bbName\u00a0\u00bb field_title=\u00a0\u00bbVotre Nom*\u00a0\u00bb allowed_symbols=\u00a0\u00bbletters\u00a0\u00bb _builder_version=\u00a0\u00bb4.25.0&Prime; global_colors_info=\u00a0\u00bb{}\u00a0\u00bb button_text_size__hover_enabled=\u00a0\u00bboff\u00a0\u00bb button_one_text_size__hover_enabled=\u00a0\u00bboff\u00a0\u00bb button_two_text_size__hover_enabled=\u00a0\u00bboff\u00a0\u00bb button_text_color__hover_enabled=\u00a0\u00bboff\u00a0\u00bb button_one_text_color__hover_enabled=\u00a0\u00bboff\u00a0\u00bb button_two_text_color__hover_enabled=\u00a0\u00bboff\u00a0\u00bb button_border_width__hover_enabled=\u00a0\u00bboff\u00a0\u00bb button_one_border_width__hover_enabled=\u00a0\u00bboff\u00a0\u00bb button_two_border_width__hover_enabled=\u00a0\u00bboff\u00a0\u00bb button_border_color__hover_enabled=\u00a0\u00bboff\u00a0\u00bb button_one_border_color__hover_enabled=\u00a0\u00bboff\u00a0\u00bb button_two_border_color__hover_enabled=\u00a0\u00bboff\u00a0\u00bb button_border_radius__hover_enabled=\u00a0\u00bboff\u00a0\u00bb button_one_border_radius__hover_enabled=\u00a0\u00bboff\u00a0\u00bb button_two_border_radius__hover_enabled=\u00a0\u00bboff\u00a0\u00bb button_letter_spacing__hover_enabled=\u00a0\u00bboff\u00a0\u00bb button_one_letter_spacing__hover_enabled=\u00a0\u00bboff\u00a0\u00bb button_two_letter_spacing__hover_enabled=\u00a0\u00bboff\u00a0\u00bb button_bg_color__hover_enabled=\u00a0\u00bboff\u00a0\u00bb button_one_bg_color__hover_enabled=\u00a0\u00bboff\u00a0\u00bb button_two_bg_color__hover_enabled=\u00a0\u00bboff\u00a0\u00bb][\/et_pb_contact_field][et_pb_contact_field field_id=\u00a0\u00bbEmail\u00a0\u00bb field_title=\u00a0\u00bbVotre e-mail*\u00a0\u00bb field_type=\u00a0\u00bbemail\u00a0\u00bb _builder_version=\u00a0\u00bb4.25.0&Prime; global_colors_info=\u00a0\u00bb{}\u00a0\u00bb button_text_size__hover_enabled=\u00a0\u00bboff\u00a0\u00bb button_one_text_size__hover_enabled=\u00a0\u00bboff\u00a0\u00bb button_two_text_size__hover_enabled=\u00a0\u00bboff\u00a0\u00bb button_text_color__hover_enabled=\u00a0\u00bboff\u00a0\u00bb button_one_text_color__hover_enabled=\u00a0\u00bboff\u00a0\u00bb button_two_text_color__hover_enabled=\u00a0\u00bboff\u00a0\u00bb button_border_width__hover_enabled=\u00a0\u00bboff\u00a0\u00bb button_one_border_width__hover_enabled=\u00a0\u00bboff\u00a0\u00bb button_two_border_width__hover_enabled=\u00a0\u00bboff\u00a0\u00bb button_border_color__hover_enabled=\u00a0\u00bboff\u00a0\u00bb button_one_border_color__hover_enabled=\u00a0\u00bboff\u00a0\u00bb button_two_border_color__hover_enabled=\u00a0\u00bboff\u00a0\u00bb button_border_radius__hover_enabled=\u00a0\u00bboff\u00a0\u00bb button_one_border_radius__hover_enabled=\u00a0\u00bboff\u00a0\u00bb button_two_border_radius__hover_enabled=\u00a0\u00bboff\u00a0\u00bb button_letter_spacing__hover_enabled=\u00a0\u00bboff\u00a0\u00bb button_one_letter_spacing__hover_enabled=\u00a0\u00bboff\u00a0\u00bb button_two_letter_spacing__hover_enabled=\u00a0\u00bboff\u00a0\u00bb button_bg_color__hover_enabled=\u00a0\u00bboff\u00a0\u00bb button_one_bg_color__hover_enabled=\u00a0\u00bboff\u00a0\u00bb button_two_bg_color__hover_enabled=\u00a0\u00bboff\u00a0\u00bb][\/et_pb_contact_field][et_pb_contact_field field_id=\u00a0\u00bbTel\u00a0\u00bb field_title=\u00a0\u00bbT\u00e9l\u00e9phone*\u00a0\u00bb allowed_symbols=\u00a0\u00bbnumbers\u00a0\u00bb _builder_version=\u00a0\u00bb4.25.0&Prime; global_colors_info=\u00a0\u00bb{}\u00a0\u00bb button_text_size__hover_enabled=\u00a0\u00bboff\u00a0\u00bb button_one_text_size__hover_enabled=\u00a0\u00bboff\u00a0\u00bb button_two_text_size__hover_enabled=\u00a0\u00bboff\u00a0\u00bb button_text_color__hover_enabled=\u00a0\u00bboff\u00a0\u00bb button_one_text_color__hover_enabled=\u00a0\u00bboff\u00a0\u00bb button_two_text_color__hover_enabled=\u00a0\u00bboff\u00a0\u00bb button_border_width__hover_enabled=\u00a0\u00bboff\u00a0\u00bb button_one_border_width__hover_enabled=\u00a0\u00bboff\u00a0\u00bb button_two_border_width__hover_enabled=\u00a0\u00bboff\u00a0\u00bb button_border_color__hover_enabled=\u00a0\u00bboff\u00a0\u00bb button_one_border_color__hover_enabled=\u00a0\u00bboff\u00a0\u00bb button_two_border_color__hover_enabled=\u00a0\u00bboff\u00a0\u00bb button_border_radius__hover_enabled=\u00a0\u00bboff\u00a0\u00bb button_one_border_radius__hover_enabled=\u00a0\u00bboff\u00a0\u00bb button_two_border_radius__hover_enabled=\u00a0\u00bboff\u00a0\u00bb button_letter_spacing__hover_enabled=\u00a0\u00bboff\u00a0\u00bb button_one_letter_spacing__hover_enabled=\u00a0\u00bboff\u00a0\u00bb button_two_letter_spacing__hover_enabled=\u00a0\u00bboff\u00a0\u00bb button_bg_color__hover_enabled=\u00a0\u00bboff\u00a0\u00bb button_one_bg_color__hover_enabled=\u00a0\u00bboff\u00a0\u00bb button_two_bg_color__hover_enabled=\u00a0\u00bboff\u00a0\u00bb][\/et_pb_contact_field][et_pb_contact_field field_id=\u00a0\u00bbPrestation\u00a0\u00bb field_title=\u00a0\u00bbQuel service recherchez-vous ?\u00a0\u00bb field_type=\u00a0\u00bbselect\u00a0\u00bb select_options=\u00a0\u00bb%91{%22value%22:%22Cr\u00e9ation de site web%22,%22checked%22:0,%22dragID%22:-1},{%22value%22:%22Refonte de site web%22,%22checked%22:0,%22dragID%22:0},{%22value%22:%22R\u00e9f\u00e9rencement SEO%22,%22checked%22:0,%22dragID%22:1},{%22value%22:%22Design graphique%22,%22checked%22:0,%22dragID%22:2},{%22value%22:%22Marketing digital%22,%22checked%22:0,%22dragID%22:4},{%22value%22:%22R\u00e9daction de contenu%22,%22checked%22:0,%22dragID%22:3}%93&Prime; fullwidth_field=\u00a0\u00bbon\u00a0\u00bb _builder_version=\u00a0\u00bb4.25.0&Prime; _module_preset=\u00a0\u00bbdefault\u00a0\u00bb global_colors_info=\u00a0\u00bb{}\u00a0\u00bb][\/et_pb_contact_field][et_pb_contact_field field_id=\u00a0\u00bbMessage\u00a0\u00bb field_title=\u00a0\u00bbParlez nous de votre projet*\u00a0\u00bb field_type=\u00a0\u00bbtext\u00a0\u00bb fullwidth_field=\u00a0\u00bbon\u00a0\u00bb _builder_version=\u00a0\u00bb4.25.0&Prime; _module_preset=\u00a0\u00bbdefault\u00a0\u00bb global_colors_info=\u00a0\u00bb{}\u00a0\u00bb][\/et_pb_contact_field][et_pb_contact_field field_id=\u00a0\u00bbTime\u00a0\u00bb field_title=\u00a0\u00bbQuel est le d\u00e9lai de r\u00e9alisation de votre projet ?\u00a0\u00bb field_type=\u00a0\u00bbselect\u00a0\u00bb select_options=\u00a0\u00bb%91{%22value%22:%22J&rsquo;en ai besoin d\u00e8s que possible%22,%22checked%22:0,%22dragID%22:0},{%22value%22:%22Dans les prochaines semaines%22,%22checked%22:0,%22dragID%22:1},{%22value%22:%22Dans les prochains mois%22,%22checked%22:0,%22dragID%22:3},{%22value%22:%22Je ne suis pas press\u00e9%22,%22checked%22:0,%22dragID%22:4}%93&Prime; fullwidth_field=\u00a0\u00bbon\u00a0\u00bb _builder_version=\u00a0\u00bb4.25.0&Prime; _module_preset=\u00a0\u00bbdefault\u00a0\u00bb global_colors_info=\u00a0\u00bb{}\u00a0\u00bb][\/et_pb_contact_field][et_pb_contact_field field_id=\u00a0\u00bbbouche-a-oreille\u00a0\u00bb field_title=\u00a0\u00bbComment avez-vous entendu parler de nous ?\u00a0\u00bb field_type=\u00a0\u00bbselect\u00a0\u00bb select_options=\u00a0\u00bb%91{%22value%22:%22Publicit\u00e9 en ligne%22,%22checked%22:0,%22dragID%22:0},{%22value%22:%22Moteur de recherche%22,%22checked%22:0,%22dragID%22:7},{%22value%22:%22R\u00e9seaux sociaux%22,%22checked%22:0,%22dragID%22:8},{%22value%22:%22Bouche \u00e0 oreille%22,%22checked%22:0,%22dragID%22:9},{%22value%22:%22Newsletter%22,%22checked%22:0,%22dragID%22:10},{%22value%22:%22\u00c9v\u00e9nement ou salon%22,%22checked%22:0,%22dragID%22:11},{%22value%22:%22Article ou blog%22,%22checked%22:0,%22dragID%22:12},{%22value%22:%22Client fid\u00e8le%22,%22checked%22:0,%22dragID%22:13},{%22value%22:%22Recommandation%22,%22checked%22:0,%22dragID%22:14},{%22value%22:%22Autre%22,%22checked%22:0,%22dragID%22:15}%93&Prime; fullwidth_field=\u00a0\u00bbon\u00a0\u00bb _builder_version=\u00a0\u00bb4.25.0&Prime; _module_preset=\u00a0\u00bbdefault\u00a0\u00bb global_colors_info=\u00a0\u00bb{}\u00a0\u00bb][\/et_pb_contact_field][et_pb_contact_field field_id=\u00a0\u00bbBudget\u00a0\u00bb field_title=\u00a0\u00bbBudget: Pas encore d\u00e9cid\u00e9\u00a0\u00bb field_type=\u00a0\u00bbselect\u00a0\u00bb select_options=\u00a0\u00bb%91{%22value%22:%22Budget: One shot%22,%22checked%22:0,%22dragID%22:-1},{%22value%22:%22Budget: 500 &#8211; 1000\u20ac \/ mois%22,%22checked%22:0,%22dragID%22:0},{%22value%22:%22Budget: 1000 &#8211; 2000\u20ac \/ mois%22,%22checked%22:0,%22dragID%22:1},{%22value%22:%22Budget: + 2000\u20ac \/ mois%22,%22checked%22:0,%22dragID%22:2}%93&Prime; fullwidth_field=\u00a0\u00bbon\u00a0\u00bb _builder_version=\u00a0\u00bb4.25.0&Prime; _module_preset=\u00a0\u00bbdefault\u00a0\u00bb global_colors_info=\u00a0\u00bb{}\u00a0\u00bb][\/et_pb_contact_field][\/et_pb_contact_form][et_pb_text _builder_version=\u00a0\u00bb4.25.0&Prime; _module_preset=\u00a0\u00bbdefault\u00a0\u00bb text_text_color=\u00a0\u00bb#060D29&Prime; text_font_size=\u00a0\u00bb12px\u00a0\u00bb text_orientation=\u00a0\u00bbjustified\u00a0\u00bb global_colors_info=\u00a0\u00bb{}\u00a0\u00bb]<\/p>\n<p>Les donn\u00e9es recueillies par Dreampixel sont exclusivement utilis\u00e9es pour r\u00e9pondre \u00e0 votre demande par notre \u00e9quipe commerciale. Dreampixel s&rsquo;engage \u00e0 prot\u00e9ger et \u00e0 ne jamais divulguer vos informations personnelles sans votre consentement. Pour plus d&rsquo;informations, consultez notre <span style=\"color: #339966;\"><strong><a href=\"https:\/\/dreampixel.fr\/politique-de-confidentialite\/\" style=\"color: #339966;\">politique de confidentialit\u00e9<\/a>.<\/strong><\/span><\/p>\n<p>[\/et_pb_text][\/et_pb_column][\/et_pb_section]<\/p>\n","protected":false},"excerpt":{"rendered":"<p>Soumettez votre projet &amp; Obtenez un devis pr\u00e9cisEnvoyez-nous un bref d\u00e9crivant toutes les exigences de votre projet. Ensuite, nous pr\u00e9parerons un devis d\u00e9taill\u00e9 fournissant des informations sur les prix, les conditions et le calendrier du projet, et l&rsquo;enverrons pour votre approbation. S\u00e9curit\u00e9\u00a0 Efficacit\u00e9 InnovationTravailler avec Dreampixel, c&rsquo;est comme avoir toute une \u00e9quipe de coll\u00e8gues hautement [&hellip;]<\/p>\n","protected":false},"author":2,"featured_media":0,"parent":0,"menu_order":0,"comment_status":"closed","ping_status":"closed","template":"","meta":{"_et_pb_use_builder":"on","_et_pb_old_content":"<!-- wp:divi\/placeholder \/-->","_et_gb_content_width":"","footnotes":""},"class_list":["post-9993","page","type-page","status-publish","hentry"],"_links":{"self":[{"href":"https:\/\/dreampixel.fr\/en\/wp-json\/wp\/v2\/pages\/9993","targetHints":{"allow":["GET"]}}],"collection":[{"href":"https:\/\/dreampixel.fr\/en\/wp-json\/wp\/v2\/pages"}],"about":[{"href":"https:\/\/dreampixel.fr\/en\/wp-json\/wp\/v2\/types\/page"}],"author":[{"embeddable":true,"href":"https:\/\/dreampixel.fr\/en\/wp-json\/wp\/v2\/users\/2"}],"replies":[{"embeddable":true,"href":"https:\/\/dreampixel.fr\/en\/wp-json\/wp\/v2\/comments?post=9993"}],"version-history":[{"count":0,"href":"https:\/\/dreampixel.fr\/en\/wp-json\/wp\/v2\/pages\/9993\/revisions"}],"wp:attachment":[{"href":"https:\/\/dreampixel.fr\/en\/wp-json\/wp\/v2\/media?parent=9993"}],"curies":[{"name":"wp","href":"https:\/\/api.w.org\/{rel}","templated":true}]}}