{"id":7396,"date":"2022-02-22T15:11:42","date_gmt":"2022-02-22T14:11:42","guid":{"rendered":"https:\/\/dreampixel.fr\/?page_id=7396"},"modified":"2024-07-04T09:06:45","modified_gmt":"2024-07-04T08:06:45","slug":"mentions-legales","status":"publish","type":"page","link":"https:\/\/dreampixel.fr\/de\/mentions-legales\/","title":{"rendered":"RECHTLICHE HINWEISE"},"content":{"rendered":"<p>[et_pb_section fb_built=\u00a0\u00bb1&Prime; custom_padding_last_edited=\u00a0\u00bbon|phone\u00a0\u00bb _builder_version=\u00a0\u00bb4.25.0&Prime; _module_preset=\u00a0\u00bbdefault\u00a0\u00bb custom_padding=\u00a0\u00bb100px||113px||false|false\u00a0\u00bb custom_padding_tablet=\u00a0\u00bb0px||113px||false|false\u00a0\u00bb custom_padding_phone=\u00a0\u00bb180px||113px||false|false\u00a0\u00bb hover_enabled=\u00a0\u00bb0&Prime; global_colors_info=\u00a0\u00bb{}\u00a0\u00bb sticky_enabled=\u00a0\u00bb0&Prime;][et_pb_row _builder_version=\u00a0\u00bb4.16&Prime; _module_preset=\u00a0\u00bbdefault\u00a0\u00bb custom_padding=\u00a0\u00bb||58px|||\u00a0\u00bb locked=\u00a0\u00bboff\u00a0\u00bb global_colors_info=\u00a0\u00bb{}\u00a0\u00bb][et_pb_column type=\u00a0\u00bb4_4&Prime; _builder_version=\u00a0\u00bb4.16&Prime; _module_preset=\u00a0\u00bbdefault\u00a0\u00bb global_colors_info=\u00a0\u00bb{}\u00a0\u00bb][et_pb_text _builder_version=\u00a0\u00bb4.25.0&Prime; _module_preset=\u00a0\u00bbdefault\u00a0\u00bb text_text_color=\u00a0\u00bb#112879&Prime; text_font_size=\u00a0\u00bb38px\u00a0\u00bb text_line_height=\u00a0\u00bb1.2em\u00a0\u00bb header_font=\u00a0\u00bb&#8211;et_global_body_font||||||||\u00a0\u00bb header_text_color=\u00a0\u00bb#112879&Prime; header_font_size=\u00a0\u00bb35px\u00a0\u00bb global_colors_info=\u00a0\u00bb{}\u00a0\u00bb]<\/p>\n<h1>MENTIONS L\u00c9GALES<\/h1>\n<p>[\/et_pb_text][\/et_pb_column][\/et_pb_row][et_pb_row _builder_version=\u00a0\u00bb4.16&Prime; _module_preset=\u00a0\u00bbdefault\u00a0\u00bb custom_padding=\u00a0\u00bb48px|30px|114px|30px|false|false\u00a0\u00bb box_shadow_style=\u00a0\u00bbpreset1&Prime; box_shadow_color=\u00a0\u00bbrgba(12,113,195,0.13)\u00a0\u00bb global_colors_info=\u00a0\u00bb{}\u00a0\u00bb][et_pb_column type=\u00a0\u00bb4_4&Prime; _builder_version=\u00a0\u00bb4.16&Prime; _module_preset=\u00a0\u00bbdefault\u00a0\u00bb global_colors_info=\u00a0\u00bb{}\u00a0\u00bb][et_pb_text _builder_version=\u00a0\u00bb4.25.0&Prime; _module_preset=\u00a0\u00bbdefault\u00a0\u00bb global_colors_info=\u00a0\u00bb{}\u00a0\u00bb]<\/p>\n<p>Ce site internet est \u00e9dit\u00e9 par : <strong>Chantal Tran<\/strong>, qui en est le directeur de la publication.<\/p>\n<p><strong>Adresse :<\/strong> 5 rue Fran\u00e7ois Copp\u00e9e, 75015 Paris<br \/><strong>Courriel :<\/strong> <a href=\"mailto:dreampixel.fr@gmail.com\"><strong>dreampixel.fr@gmail.com<\/strong><\/a><\/p>\n<p>Le site est h\u00e9berg\u00e9 par la soci\u00e9t\u00e9 <strong><a href=\"https:\/\/www.lws.fr\/a_propos_infos.php\" target=\"_blank\" rel=\"noopener\">Ligne Web Services<\/a><\/strong><\/p>\n<p>&nbsp;<\/p>\n<h2>Protection de votre vie priv\u00e9e<\/h2>\n<blockquote>\n<p>Nous ne collectons sur ce site internet aucune donn\u00e9e \u00e0 caract\u00e8re personnel autre que des donn\u00e9es statistiques qui ne permettent pas de vous identifier et les donn\u00e9es fournies volontairement par l\u2019internaute qui remplit le formulaire de contact ou d\u2019inscription \u00e0 une newsletter g\u00e9r\u00e9e par l\u2019association fran\u00e7aise de chiropraxie. Ces donn\u00e9es sont strictement confidentielles et ne seront pas transmises \u00e0 des tiers.<\/p>\n<p>En vertu des lois applicables, vous disposez d\u2019un droit d\u2019acc\u00e8s, de rectification ou d\u2019effacement, de limitation ou d\u2019opposition au traitement ainsi qu\u2019un droit de portabilit\u00e9 de vos donn\u00e9es personnelles.<\/p>\n<p>En cons\u00e9quence vous disposez du droit :<\/p>\n<ul>\n<li>d\u2019acc\u00e9der \u00e0 vos donn\u00e9es personnelles, notamment pour v\u00e9rifier leur exactitude et leur exhaustivit\u00e9<\/li>\n<li>pour des raisons l\u00e9gitimes, de demander une rectification de vos donn\u00e9es<\/li>\n<li>de vous opposer ou demander une limitation du traitement de vos donn\u00e9es personnelles<\/li>\n<li>de recevoir vos donn\u00e9es personnelles sous un format standard et structur\u00e9<\/li>\n<li>de donner des instructions sur le traitement de vos donn\u00e9es apr\u00e8s votre mort<\/li>\n<\/ul>\n<p>Pour tous les cas cit\u00e9s ci-dessus, merci de nous envoyer un mail \u00e0 l\u2019adresse suivante : <strong><a href=\"mailto:dreampixel.fr@gmail.com\">dreampixel.fr@gmail.com<\/a>.<\/strong><\/p>\n<\/blockquote>\n<p>&nbsp;<\/p>\n<h2>Gestion des cookies<\/h2>\n<blockquote>\n<p>Les cookies sont des petits fichiers d\u00e9pos\u00e9s sur votre ordinateur ou sur le terminal que vous utilisez lorsque vous visitez un site internet. Ils sont largement utilis\u00e9s pour permettre aux sites internet de fonctionner ou d\u2019am\u00e9liorer leur fonctionnement. Ils permettent aux sites de reconna\u00eetre votre terminal et d\u2019enregistrer des informations relatives \u00e0 votre navigation.<\/p>\n<p>Lors de la consultation du pr\u00e9sent site internet, des cookies sont d\u00e9pos\u00e9s sur votre ordinateur, tablette ou smartphone :<\/p>\n<ul>\n<li>Cookies de session pour faciliter votre navigation sur le pr\u00e9sent site internet<\/li>\n<li>Cookies li\u00e9s \u00e0 Google Analytics (un service d\u2019analyse fourni par Google pour mesurer l\u2019audience du site)<\/li>\n<li>Cookies li\u00e9s \u00e0 des boutons de r\u00e9seaux sociaux, tel que les \u00ab J\u2019aime \u00bb Facebook ou le logo \u00ab twitter \u00bb, afin de vous permettre de partager le contenu du site sur les r\u00e9seaux sociaux.<\/li>\n<li>Tous les navigateurs permettent de param\u00e9trer les cookies, les bloquer ou les supprimer.<\/li>\n<li>Vous trouverez ci-apr\u00e8s des liens vers les explications fournies par les principaux navigateurs : <strong><a href=\"https:\/\/support.google.com\/chrome\/answer\/95647?hl=fr\" target=\"_blank\" rel=\"noopener\">Chrome<\/a> <a href=\"https:\/\/support.mozilla.org\/fr\/kb\/protection-renforcee-contre-pistage-firefox-ordinateur?redirectslug=activer-desactiver-cookies-preferences&amp;redirectlocale=fr\" target=\"_blank\" rel=\"noopener\">Firefox<\/a> <a href=\"https:\/\/support.microsoft.com\/fr-fr\/windows\/supprimer-et-g%C3%A9rer-les-cookies-168dab11-0753-043d-7c16-ede5947fc64d\" target=\"_blank\" rel=\"noopener\">Internet Explorer<\/a> <\/strong><a href=\"https:\/\/support.apple.com\/guide\/safari\/manage-cookies-sfri11471\/mac\" target=\"_blank\" rel=\"noopener\"><strong>Safari<\/strong><\/a><\/li>\n<\/ul>\n<p>Vous pouvez en apprendre davantage sur les Cookies et comment les g\u00e9rer sur <strong><a href=\"https:\/\/www.cnil.fr\/fr\/les-conseils-de-la-cnil-pour-maitriser-votre-navigateur\" target=\"_blank\" rel=\"noopener\">le site de la CNIL.<\/a><\/strong><\/p>\n<\/blockquote>\n<p>&nbsp;<\/p>\n<h2>Propri\u00e9t\u00e9 intellectuelle<\/h2>\n<blockquote>\n<p>Le site internet ainsi que l\u2019ensemble de son contenu (et notamment les photos, logos, marques et information de toute nature y figurant) sont prot\u00e9g\u00e9s par le droit fran\u00e7ais de la propri\u00e9t\u00e9 intellectuelle et appartiennent \u00e0 leurs auteurs respectifs. Toute reproduction sans autorisation est prohib\u00e9e.<\/p>\n<\/blockquote>\n<p>[\/et_pb_text][\/et_pb_column][\/et_pb_row][\/et_pb_section]<\/p>\n","protected":false},"excerpt":{"rendered":"<p>MENTIONS L\u00c9GALESCe site internet est \u00e9dit\u00e9 par : Chantal Tran, qui en est le directeur de la publication. Adresse : 5 rue Fran\u00e7ois Copp\u00e9e, 75015 ParisCourriel : dreampixel.fr@gmail.com Le site est h\u00e9berg\u00e9 par la soci\u00e9t\u00e9 Ligne Web Services &nbsp; Protection de votre vie priv\u00e9e Nous ne collectons sur ce site internet aucune donn\u00e9e \u00e0 caract\u00e8re [&hellip;]<\/p>\n","protected":false},"author":1,"featured_media":0,"parent":0,"menu_order":0,"comment_status":"closed","ping_status":"closed","template":"","meta":{"_et_pb_use_builder":"on","_et_pb_old_content":"","_et_gb_content_width":"1080","footnotes":""},"class_list":["post-7396","page","type-page","status-publish","hentry"],"_links":{"self":[{"href":"https:\/\/dreampixel.fr\/de\/wp-json\/wp\/v2\/pages\/7396","targetHints":{"allow":["GET"]}}],"collection":[{"href":"https:\/\/dreampixel.fr\/de\/wp-json\/wp\/v2\/pages"}],"about":[{"href":"https:\/\/dreampixel.fr\/de\/wp-json\/wp\/v2\/types\/page"}],"author":[{"embeddable":true,"href":"https:\/\/dreampixel.fr\/de\/wp-json\/wp\/v2\/users\/1"}],"replies":[{"embeddable":true,"href":"https:\/\/dreampixel.fr\/de\/wp-json\/wp\/v2\/comments?post=7396"}],"version-history":[{"count":0,"href":"https:\/\/dreampixel.fr\/de\/wp-json\/wp\/v2\/pages\/7396\/revisions"}],"wp:attachment":[{"href":"https:\/\/dreampixel.fr\/de\/wp-json\/wp\/v2\/media?parent=7396"}],"curies":[{"name":"wp","href":"https:\/\/api.w.org\/{rel}","templated":true}]}}